{"id":263,"date":"2025-10-14T18:08:27","date_gmt":"2025-10-14T18:08:27","guid":{"rendered":"https:\/\/rconstrucciones.armandojaramillo.com\/?page_id=263"},"modified":"2025-10-20T19:01:31","modified_gmt":"2025-10-20T19:01:31","slug":"clientes-3","status":"publish","type":"page","link":"https:\/\/rconstrucciones.armandojaramillo.com\/index.php\/clientes-3\/","title":{"rendered":"CLIENTES"},"content":{"rendered":"<p>En este apartado, compartimos, algunos clientes fieles a nuestros servicios, que nos tienen 100% de satisfacci\u00f3n de nuestro trabajo, compartimos sus empresas porque as\u00ed como ellos nos tienen como una trabajadora oficial, nosotros tambi\u00e9n agradecemos su atenci\u00f3n por nuestra empresa.<\/p>\r\n\r\n<figure class=\"wp-block-gallery has-nested-images columns-default is-cropped wp-block-gallery-1 is-layout-flex wp-block-gallery-is-layout-flex\">\r\n<figure class=\"wp-block-image size-large\"><img loading=\"lazy\" decoding=\"async\" width=\"208\" height=\"148\" data-id=\"410\" class=\"wp-image-410\" src=\"https:\/\/rconstrucciones.armandojaramillo.com\/wp-content\/uploads\/2025\/10\/descarga-4-1.png\" alt=\"\" \/><\/figure>\r\n\r\n\r\n\r\n<figure class=\"wp-block-image size-large\"><img loading=\"lazy\" decoding=\"async\" width=\"92\" height=\"92\" data-id=\"415\" class=\"wp-image-415\" src=\"https:\/\/rconstrucciones.armandojaramillo.com\/wp-content\/uploads\/2025\/10\/descarga-13.png\" alt=\"\" \/><\/figure>\r\n\r\n\r\n\r\n<figure class=\"wp-block-image size-large\"><img loading=\"lazy\" decoding=\"async\" width=\"148\" height=\"148\" data-id=\"414\" class=\"wp-image-414\" src=\"https:\/\/rconstrucciones.armandojaramillo.com\/wp-content\/uploads\/2025\/10\/descarga-1-1.png\" alt=\"\" \/><\/figure>\r\n\r\n\r\n\r\n<figure class=\"wp-block-image size-large\"><img loading=\"lazy\" decoding=\"async\" width=\"148\" height=\"148\" data-id=\"413\" class=\"wp-image-413\" src=\"https:\/\/rconstrucciones.armandojaramillo.com\/wp-content\/uploads\/2025\/10\/descarga-2-1.png\" alt=\"\" \/><\/figure>\r\n\r\n\r\n\r\n<figure class=\"wp-block-image size-large\"><img loading=\"lazy\" decoding=\"async\" width=\"148\" height=\"148\" data-id=\"411\" class=\"wp-image-411\" src=\"https:\/\/rconstrucciones.armandojaramillo.com\/wp-content\/uploads\/2025\/10\/descarga-3-1.png\" alt=\"\" \/><\/figure>\r\n\r\n\r\n\r\n<figure class=\"wp-block-image size-large\"><img loading=\"lazy\" decoding=\"async\" width=\"187\" height=\"148\" data-id=\"412\" class=\"wp-image-412\" src=\"https:\/\/rconstrucciones.armandojaramillo.com\/wp-content\/uploads\/2025\/10\/descarga-7.jpeg\" alt=\"\" \/><\/figure>\r\n\r\n\r\n\r\n<figure class=\"wp-block-image size-large\"><img loading=\"lazy\" decoding=\"async\" width=\"193\" height=\"183\" data-id=\"409\" class=\"wp-image-409\" src=\"https:\/\/rconstrucciones.armandojaramillo.com\/wp-content\/uploads\/2025\/10\/descarga-1-1.jpeg\" alt=\"\" \/><\/figure>\r\n\r\n\r\n\r\n<figure class=\"wp-block-image size-large\"><img loading=\"lazy\" decoding=\"async\" width=\"204\" height=\"192\" data-id=\"408\" class=\"wp-image-408\" src=\"https:\/\/rconstrucciones.armandojaramillo.com\/wp-content\/uploads\/2025\/10\/descarga-5-1.png\" alt=\"\" \/><\/figure>\r\n\r\n\r\n\r\n<figure class=\"wp-block-image size-large\"><img loading=\"lazy\" decoding=\"async\" width=\"203\" height=\"117\" data-id=\"399\" class=\"wp-image-399\" src=\"https:\/\/rconstrucciones.armandojaramillo.com\/wp-content\/uploads\/2025\/10\/descarga-4.jpeg\" alt=\"\" \/><\/figure>\r\n\r\n\r\n\r\n<figure class=\"wp-block-image size-large\"><img loading=\"lazy\" decoding=\"async\" width=\"190\" height=\"148\" data-id=\"400\" class=\"wp-image-400\" src=\"https:\/\/rconstrucciones.armandojaramillo.com\/wp-content\/uploads\/2025\/10\/descarga-3.jpeg\" alt=\"\" \/><\/figure>\r\n\r\n\r\n\r\n<figure class=\"wp-block-image size-large\"><img loading=\"lazy\" decoding=\"async\" width=\"148\" height=\"148\" data-id=\"401\" class=\"wp-image-401\" src=\"https:\/\/rconstrucciones.armandojaramillo.com\/wp-content\/uploads\/2025\/10\/descarga-2.jpeg\" alt=\"\" \/><\/figure>\r\n\r\n\r\n\r\n<figure class=\"wp-block-image size-large\"><img loading=\"lazy\" decoding=\"async\" width=\"148\" height=\"148\" data-id=\"404\" class=\"wp-image-404\" src=\"https:\/\/rconstrucciones.armandojaramillo.com\/wp-content\/uploads\/2025\/10\/descarga-8-1.png\" alt=\"\" \/><\/figure>\r\n\r\n\r\n\r\n<figure class=\"wp-block-image size-large\"><img loading=\"lazy\" decoding=\"async\" width=\"149\" height=\"148\" data-id=\"405\" class=\"wp-image-405\" src=\"https:\/\/rconstrucciones.armandojaramillo.com\/wp-content\/uploads\/2025\/10\/descarga-7-1.png\" alt=\"\" \/><\/figure>\r\n\r\n\r\n\r\n<figure class=\"wp-block-image size-large\"><img loading=\"lazy\" decoding=\"async\" width=\"183\" height=\"148\" data-id=\"406\" class=\"wp-image-406\" src=\"https:\/\/rconstrucciones.armandojaramillo.com\/wp-content\/uploads\/2025\/10\/te-1.jpeg\" alt=\"\" \/><\/figure>\r\n\r\n\r\n\r\n<figure class=\"wp-block-image size-large\"><img loading=\"lazy\" decoding=\"async\" width=\"218\" height=\"231\" data-id=\"397\" class=\"wp-image-397\" src=\"https:\/\/rconstrucciones.armandojaramillo.com\/wp-content\/uploads\/2025\/10\/descarga-11.png\" alt=\"\" \/><\/figure>\r\n\r\n\r\n\r\n<figure class=\"wp-block-image size-large\"><img loading=\"lazy\" decoding=\"async\" width=\"193\" height=\"183\" data-id=\"385\" class=\"wp-image-385\" src=\"https:\/\/rconstrucciones.armandojaramillo.com\/wp-content\/uploads\/2025\/10\/descarga-1.jpeg\" alt=\"\" \/><\/figure>\r\n\r\n\r\n\r\n<figure class=\"wp-block-image size-large\"><img loading=\"lazy\" decoding=\"async\" width=\"204\" height=\"192\" data-id=\"384\" class=\"wp-image-384\" src=\"https:\/\/rconstrucciones.armandojaramillo.com\/wp-content\/uploads\/2025\/10\/descarga-5.png\" alt=\"\" \/><\/figure>\r\n\r\n\r\n\r\n<figure class=\"wp-block-image size-large\"><img loading=\"lazy\" decoding=\"async\" width=\"225\" height=\"225\" data-id=\"396\" class=\"wp-image-396\" src=\"https:\/\/rconstrucciones.armandojaramillo.com\/wp-content\/uploads\/2025\/10\/descarga-6.jpeg\" alt=\"\" srcset=\"https:\/\/rconstrucciones.armandojaramillo.com\/wp-content\/uploads\/2025\/10\/descarga-6.jpeg 225w, https:\/\/rconstrucciones.armandojaramillo.com\/wp-content\/uploads\/2025\/10\/descarga-6-150x150.jpeg 150w\" sizes=\"auto, (max-width: 225px) 100vw, 225px\" \/><\/figure>\r\n\r\n\r\n\r\n<figure class=\"wp-block-image size-full\"><img loading=\"lazy\" decoding=\"async\" width=\"225\" height=\"225\" data-id=\"429\" class=\"wp-image-429\" src=\"https:\/\/rconstrucciones.armandojaramillo.com\/wp-content\/uploads\/2025\/10\/descarga-13-1.png\" alt=\"\" srcset=\"https:\/\/rconstrucciones.armandojaramillo.com\/wp-content\/uploads\/2025\/10\/descarga-13-1.png 225w, https:\/\/rconstrucciones.armandojaramillo.com\/wp-content\/uploads\/2025\/10\/descarga-13-1-150x150.png 150w\" sizes=\"auto, (max-width: 225px) 100vw, 225px\" \/><\/figure>\r\n\r\n\r\n\r\n<figure class=\"wp-block-image size-full\"><img loading=\"lazy\" decoding=\"async\" width=\"736\" height=\"736\" data-id=\"430\" class=\"wp-image-430\" src=\"https:\/\/rconstrucciones.armandojaramillo.com\/wp-content\/uploads\/2025\/10\/4b154d1ddbd15deb479fc5e9bfc5dbf9.jpg\" alt=\"\" srcset=\"https:\/\/rconstrucciones.armandojaramillo.com\/wp-content\/uploads\/2025\/10\/4b154d1ddbd15deb479fc5e9bfc5dbf9.jpg 736w, https:\/\/rconstrucciones.armandojaramillo.com\/wp-content\/uploads\/2025\/10\/4b154d1ddbd15deb479fc5e9bfc5dbf9-300x300.jpg 300w, https:\/\/rconstrucciones.armandojaramillo.com\/wp-content\/uploads\/2025\/10\/4b154d1ddbd15deb479fc5e9bfc5dbf9-150x150.jpg 150w\" sizes=\"auto, (max-width: 736px) 100vw, 736px\" \/><\/figure>\r\n\r\n\r\n\r\n<figure class=\"wp-block-image size-large\"><img loading=\"lazy\" decoding=\"async\" width=\"192\" height=\"263\" data-id=\"421\" class=\"wp-image-421\" src=\"https:\/\/rconstrucciones.armandojaramillo.com\/wp-content\/uploads\/2025\/10\/descarga-9.jpeg\" alt=\"\" \/><\/figure>\r\n\r\n\r\n\r\n<figure class=\"wp-block-image size-large\"><img loading=\"lazy\" decoding=\"async\" width=\"204\" height=\"248\" data-id=\"422\" class=\"wp-image-422\" src=\"https:\/\/rconstrucciones.armandojaramillo.com\/wp-content\/uploads\/2025\/10\/descarga-8.jpeg\" alt=\"\" \/><\/figure>\r\n\r\n\r\n\r\n<figure class=\"wp-block-image size-large\"><img loading=\"lazy\" decoding=\"async\" width=\"225\" height=\"225\" data-id=\"427\" class=\"wp-image-427\" src=\"https:\/\/rconstrucciones.armandojaramillo.com\/wp-content\/uploads\/2025\/10\/images.png\" alt=\"\" srcset=\"https:\/\/rconstrucciones.armandojaramillo.com\/wp-content\/uploads\/2025\/10\/images.png 225w, https:\/\/rconstrucciones.armandojaramillo.com\/wp-content\/uploads\/2025\/10\/images-150x150.png 150w\" sizes=\"auto, (max-width: 225px) 100vw, 225px\" \/><\/figure>\r\n\r\n\r\n\r\n<figure class=\"wp-block-image size-large\"><img loading=\"lazy\" decoding=\"async\" width=\"225\" height=\"225\" data-id=\"428\" class=\"wp-image-428\" src=\"https:\/\/rconstrucciones.armandojaramillo.com\/wp-content\/uploads\/2025\/10\/descarga-11.jpeg\" alt=\"\" srcset=\"https:\/\/rconstrucciones.armandojaramillo.com\/wp-content\/uploads\/2025\/10\/descarga-11.jpeg 225w, https:\/\/rconstrucciones.armandojaramillo.com\/wp-content\/uploads\/2025\/10\/descarga-11-150x150.jpeg 150w\" sizes=\"auto, (max-width: 225px) 100vw, 225px\" \/><\/figure>\r\n<\/figure>\r\n","protected":false},"excerpt":{"rendered":"<p>En este apartado, compartimos, algunos clientes fieles a nuestros servicios, que nos tienen 100% de satisfacci\u00f3n de nuestro trabajo, compartimos sus empresas porque as\u00ed como ellos nos tienen como una trabajadora oficial, nosotros tambi\u00e9n agradecemos su atenci\u00f3n por nuestra empresa.<\/p>\n","protected":false},"author":1,"featured_media":0,"parent":0,"menu_order":3,"comment_status":"closed","ping_status":"closed","template":"","meta":{"footnotes":""},"class_list":["post-263","page","type-page","status-publish","hentry"],"_links":{"self":[{"href":"https:\/\/rconstrucciones.armandojaramillo.com\/index.php\/wp-json\/wp\/v2\/pages\/263","targetHints":{"allow":["GET"]}}],"collection":[{"href":"https:\/\/rconstrucciones.armandojaramillo.com\/index.php\/wp-json\/wp\/v2\/pages"}],"about":[{"href":"https:\/\/rconstrucciones.armandojaramillo.com\/index.php\/wp-json\/wp\/v2\/types\/page"}],"author":[{"embeddable":true,"href":"https:\/\/rconstrucciones.armandojaramillo.com\/index.php\/wp-json\/wp\/v2\/users\/1"}],"replies":[{"embeddable":true,"href":"https:\/\/rconstrucciones.armandojaramillo.com\/index.php\/wp-json\/wp\/v2\/comments?post=263"}],"version-history":[{"count":10,"href":"https:\/\/rconstrucciones.armandojaramillo.com\/index.php\/wp-json\/wp\/v2\/pages\/263\/revisions"}],"predecessor-version":[{"id":437,"href":"https:\/\/rconstrucciones.armandojaramillo.com\/index.php\/wp-json\/wp\/v2\/pages\/263\/revisions\/437"}],"wp:attachment":[{"href":"https:\/\/rconstrucciones.armandojaramillo.com\/index.php\/wp-json\/wp\/v2\/media?parent=263"}],"curies":[{"name":"wp","href":"https:\/\/api.w.org\/{rel}","templated":true}]}}