{"id":260,"date":"2025-10-14T18:07:51","date_gmt":"2025-10-14T18:07:51","guid":{"rendered":"https:\/\/rconstrucciones.armandojaramillo.com\/?page_id=260"},"modified":"2025-10-17T13:09:02","modified_gmt":"2025-10-17T13:09:02","slug":"proyectos-3","status":"publish","type":"page","link":"https:\/\/rconstrucciones.armandojaramillo.com\/index.php\/proyectos-3\/","title":{"rendered":"PROYECTOS"},"content":{"rendered":"<p><img loading=\"lazy\" decoding=\"async\" class=\"alignnone size-medium wp-image-342\" src=\"https:\/\/rconstrucciones.armandojaramillo.com\/wp-content\/uploads\/2025\/10\/WhatsApp-Image-2025-10-14-at-7.53.51-AM-1-1-300x272.jpeg\" alt=\"\" width=\"300\" height=\"272\" srcset=\"https:\/\/rconstrucciones.armandojaramillo.com\/wp-content\/uploads\/2025\/10\/WhatsApp-Image-2025-10-14-at-7.53.51-AM-1-1-300x272.jpeg 300w, https:\/\/rconstrucciones.armandojaramillo.com\/wp-content\/uploads\/2025\/10\/WhatsApp-Image-2025-10-14-at-7.53.51-AM-1-1-768x697.jpeg 768w, https:\/\/rconstrucciones.armandojaramillo.com\/wp-content\/uploads\/2025\/10\/WhatsApp-Image-2025-10-14-at-7.53.51-AM-1-1.jpeg 1024w\" sizes=\"auto, (max-width: 300px) 100vw, 300px\" \/><\/p>\n<p>AGENCIA MONTE CRISTO.<\/p>\n<p>El due\u00f1o Nicola, nos contrato para la construcci\u00f3n de su agencia en marketing, donde tardamos un mes en construirla con la mayor elegancia posible.<\/p>\n<p><img loading=\"lazy\" decoding=\"async\" class=\"alignnone size-medium wp-image-339\" src=\"https:\/\/rconstrucciones.armandojaramillo.com\/wp-content\/uploads\/2025\/10\/WhatsApp-Image-2025-10-14-at-7.53.51-AM-1-300x266.jpeg\" alt=\"\" width=\"300\" height=\"266\" srcset=\"https:\/\/rconstrucciones.armandojaramillo.com\/wp-content\/uploads\/2025\/10\/WhatsApp-Image-2025-10-14-at-7.53.51-AM-1-300x266.jpeg 300w, https:\/\/rconstrucciones.armandojaramillo.com\/wp-content\/uploads\/2025\/10\/WhatsApp-Image-2025-10-14-at-7.53.51-AM-1-768x681.jpeg 768w, https:\/\/rconstrucciones.armandojaramillo.com\/wp-content\/uploads\/2025\/10\/WhatsApp-Image-2025-10-14-at-7.53.51-AM-1.jpeg 1024w\" sizes=\"auto, (max-width: 300px) 100vw, 300px\" \/><\/p>\n<p>HOTEL HABYBY.<\/p>\n<p>El millonario jake de Dubai nos contrato para crear este maravilloso hotel de 35 hect\u00e1reas, con un alrededor de 780 habitaciones y 200 suites.<\/p>\n<p><img loading=\"lazy\" decoding=\"async\" class=\"alignnone size-medium wp-image-346\" src=\"https:\/\/rconstrucciones.armandojaramillo.com\/wp-content\/uploads\/2025\/10\/WhatsApp-Image-2025-10-14-at-7.53.51-AM-2-300x275.jpeg\" alt=\"\" width=\"300\" height=\"275\" srcset=\"https:\/\/rconstrucciones.armandojaramillo.com\/wp-content\/uploads\/2025\/10\/WhatsApp-Image-2025-10-14-at-7.53.51-AM-2-300x275.jpeg 300w, https:\/\/rconstrucciones.armandojaramillo.com\/wp-content\/uploads\/2025\/10\/WhatsApp-Image-2025-10-14-at-7.53.51-AM-2-768x705.jpeg 768w, https:\/\/rconstrucciones.armandojaramillo.com\/wp-content\/uploads\/2025\/10\/WhatsApp-Image-2025-10-14-at-7.53.51-AM-2.jpeg 1024w\" sizes=\"auto, (max-width: 300px) 100vw, 300px\" \/><\/p>\n<p>RANCHO BAUTISTAS.<\/p>\n<p>El se\u00f1or Mart\u00edn Bautista, ten\u00eda una idea en mente que parec\u00eda un cuento, pero con nuestra ayuda y equipo, ese cuento se pudo hacer realidad.<\/p>\n<p><img loading=\"lazy\" decoding=\"async\" class=\"alignnone size-medium wp-image-347\" src=\"https:\/\/rconstrucciones.armandojaramillo.com\/wp-content\/uploads\/2025\/10\/WhatsApp-Image-2025-10-14-at-7.57.57-AM-300x276.jpeg\" alt=\"\" width=\"300\" height=\"276\" srcset=\"https:\/\/rconstrucciones.armandojaramillo.com\/wp-content\/uploads\/2025\/10\/WhatsApp-Image-2025-10-14-at-7.57.57-AM-300x276.jpeg 300w, https:\/\/rconstrucciones.armandojaramillo.com\/wp-content\/uploads\/2025\/10\/WhatsApp-Image-2025-10-14-at-7.57.57-AM-768x706.jpeg 768w, https:\/\/rconstrucciones.armandojaramillo.com\/wp-content\/uploads\/2025\/10\/WhatsApp-Image-2025-10-14-at-7.57.57-AM.jpeg 1023w\" sizes=\"auto, (max-width: 300px) 100vw, 300px\" \/><\/p>\n<p>ESTADIO REY MUNDO.<\/p>\n<p>Este estadio es el m\u00e1s grande a nivel mundial, nuestra empresa tuvo la dicha de construirlo en tan solo 2 meses ete gran estadio ya estaba trabajando, gracias a nuestro equipo.<\/p>\n<p><img loading=\"lazy\" decoding=\"async\" class=\"alignnone size-medium wp-image-352\" src=\"https:\/\/rconstrucciones.armandojaramillo.com\/wp-content\/uploads\/2025\/10\/WhatsApp-Image-2025-10-14-at-7.44.44-AM-300x272.jpeg\" alt=\"\" width=\"300\" height=\"272\" srcset=\"https:\/\/rconstrucciones.armandojaramillo.com\/wp-content\/uploads\/2025\/10\/WhatsApp-Image-2025-10-14-at-7.44.44-AM-300x272.jpeg 300w, https:\/\/rconstrucciones.armandojaramillo.com\/wp-content\/uploads\/2025\/10\/WhatsApp-Image-2025-10-14-at-7.44.44-AM-768x698.jpeg 768w, https:\/\/rconstrucciones.armandojaramillo.com\/wp-content\/uploads\/2025\/10\/WhatsApp-Image-2025-10-14-at-7.44.44-AM.jpeg 1024w\" sizes=\"auto, (max-width: 300px) 100vw, 300px\" \/><\/p>\n<p>CASAS.<\/p>\n<p>Otros trabajos son nuestras hermosas casas, las hacemos siempre partiendo de tus ideas siempre queriendo hacer tu sue\u00f1o hogare\u00f1o el 100% posible, no dudes en contratarnos, somos los mejores.<\/p>\n<p>&nbsp;<\/p>\n","protected":false},"excerpt":{"rendered":"<p>AGENCIA MONTE CRISTO. El due\u00f1o Nicola, nos contrato para la construcci\u00f3n de su agencia en marketing, donde tardamos un mes en construirla con la mayor elegancia posible. HOTEL HABYBY. El millonario jake de Dubai nos contrato para crear este maravilloso hotel de 35 hect\u00e1reas, con un alrededor de 780 habitaciones y 200 suites. RANCHO BAUTISTAS. [&hellip;]<\/p>\n","protected":false},"author":1,"featured_media":0,"parent":0,"menu_order":3,"comment_status":"closed","ping_status":"closed","template":"","meta":{"footnotes":""},"class_list":["post-260","page","type-page","status-publish","hentry"],"_links":{"self":[{"href":"https:\/\/rconstrucciones.armandojaramillo.com\/index.php\/wp-json\/wp\/v2\/pages\/260","targetHints":{"allow":["GET"]}}],"collection":[{"href":"https:\/\/rconstrucciones.armandojaramillo.com\/index.php\/wp-json\/wp\/v2\/pages"}],"about":[{"href":"https:\/\/rconstrucciones.armandojaramillo.com\/index.php\/wp-json\/wp\/v2\/types\/page"}],"author":[{"embeddable":true,"href":"https:\/\/rconstrucciones.armandojaramillo.com\/index.php\/wp-json\/wp\/v2\/users\/1"}],"replies":[{"embeddable":true,"href":"https:\/\/rconstrucciones.armandojaramillo.com\/index.php\/wp-json\/wp\/v2\/comments?post=260"}],"version-history":[{"count":8,"href":"https:\/\/rconstrucciones.armandojaramillo.com\/index.php\/wp-json\/wp\/v2\/pages\/260\/revisions"}],"predecessor-version":[{"id":354,"href":"https:\/\/rconstrucciones.armandojaramillo.com\/index.php\/wp-json\/wp\/v2\/pages\/260\/revisions\/354"}],"wp:attachment":[{"href":"https:\/\/rconstrucciones.armandojaramillo.com\/index.php\/wp-json\/wp\/v2\/media?parent=260"}],"curies":[{"name":"wp","href":"https:\/\/api.w.org\/{rel}","templated":true}]}}